{"id":972,"date":"2017-02-14T13:21:12","date_gmt":"2017-02-14T12:21:12","guid":{"rendered":"http:\/\/chessstamps.com\/?page_id=972"},"modified":"2025-02-12T21:26:19","modified_gmt":"2025-02-12T20:26:19","slug":"f-downloads","status":"publish","type":"page","link":"http:\/\/chessstamps.com\/?page_id=972","title":{"rendered":"E &#8211; Free Downloads"},"content":{"rendered":"<p><strong>Letzte Aktualisierung\/Last Update: <span style=\"color: #ff0000;\">12.02.2025<\/span><\/strong><\/p>\n<p><span style=\"color: #008080;\">Die folgenden Nutzungsbedingungen gelten f\u00fcr die kostenlosen Downloads auf dieser Seite: Nachdruck, Vervielf\u00e4ltigung oder Einspeicherung in Medien aller Art und \u00dcbersetzung in andere Sprachen, auch auszugsweise, sind nur mit Nennung des Herausgebers <strong>www.chessstamps.com<\/strong> zul\u00e4ssig.<\/span><\/p>\n<p><span style=\"color: #008080;\">The following conditions of use apply to the free downloads on this page: Reprints, duplication or storage of all or part of the website in media of any kind and translation into other languages are only permitted with naming of the publisher <strong>www.chessstamps.com<\/strong>.<\/span><\/p>\n<p><span style=\"color: #ff0000;\"><strong>NEU \/ NEW &#8211; 10.02.2025<\/strong><\/span><\/p>\n<table style=\"border-collapse: collapse; width: 100%;\">\n<tbody>\n<tr>\n<td style=\"width: 52.2137%;\"><a href=\"http:\/\/chessstamps.com\/wp-content\/uploads\/2025\/02\/PhilaGesamtlisteDE.pdf\">Liste ALLER philatelistischen <strong>Schach<\/strong>-Objekte (PDF-Datei)<\/a><\/td>\n<td style=\"width: 30.5344%;\">Kleinere Korrekturen und Aktualisierung<\/td>\n<td style=\"width: 17.0992%;\"><img decoding=\"async\" class=\"thumbnail\" src=\"http:\/\/chessstamps.com\/wp-content\/uploads\/2014\/10\/DE.jpg\" alt=\"\" \/><\/td>\n<\/tr>\n<tr>\n<td style=\"width: 52.2137%;\"><a href=\"http:\/\/chessstamps.com\/wp-content\/uploads\/2025\/02\/PhilaGesamtlisteGB.pdf\">Report of ALL philatelic <strong>Chess<\/strong> Objects (PDF- File)<\/a><\/td>\n<td style=\"width: 30.5344%;\">Small corrections and updating<\/td>\n<td style=\"width: 17.0992%;\"><img decoding=\"async\" class=\"thumbnail\" src=\"http:\/\/chessstamps.com\/wp-content\/uploads\/2014\/10\/GB.jpg\" alt=\"\" \/><\/td>\n<\/tr>\n<\/tbody>\n<\/table>\n<p><strong>Neue offizielle Schachbriefmarken in 2022\/23<\/strong><\/p>\n<p><span style=\"color: #3366ff;\"><strong>New Official Chess Stamps in 2022<\/strong><\/span><\/p>\n<p><span style=\"background-color: #ffffff;\">Klick hier\/click here: <\/span><a href=\"http:\/\/chessstamps.com\/wp-content\/uploads\/2023\/01\/rep_Neu_2022_GB.pdf\"><span style=\"background-color: #ffff00;\">2022<\/span><\/a><\/p>\n<p><span style=\"color: #3366ff;\"><strong>New Official Chess Stamps in 2023<\/strong><\/span><\/p>\n<p>Klick hier\/click here: <a href=\"http:\/\/chessstamps.com\/wp-content\/uploads\/2024\/03\/rep_Neu_2023_GB.pdf\"><span style=\"background-color: #ffff00;\">2023<\/span><\/a><\/p>\n<p><strong>Neue semi-offizielle Schachbriefmarken (&#8222;Agentenmarken&#8220;)<br \/>\n<\/strong><\/p>\n<p>Agentenmarken stellen eine ernsthafte Bedrohung f\u00fcr seri\u00f6se Sammler von Briefmarken dar. Sie t\u00e4uschen Sammelw\u00fcrdigkeit und postalischen Nutzen vor. Ihre Werthaltigkeit ist nur von k\u00fcrzester Dauer (nur beim Verkauf f\u00fcr den Agenten). Verk\u00e4ufe sind sp\u00e4ter nur an ahnungslose und unerfahrene Sammler m\u00f6glich. Wenn man sich zu diesem unethischen Verhalten nicht verf\u00fchren lassen will, kauft man diese wertlosen St\u00fccke am besten \u00fcberhaupt nicht.<\/p>\n<p>Da ich der Meinung bin, da\u00df diese Druckwerke es nicht wert sind, hier als &#8222;Neuigkeiten&#8220; angepriesen zu werden, verzichte ich auf eine bildliche Darstellung und informiere Sie nur \u00fcber die Anzahl der gedruckten Bildchen. Gleich vorweg: Die Gesamtanzahl der neu auf den Markt gebrachten Schach-Agentenmarken belief sich in <span style=\"background-color: #00ffff;\">2021<\/span> auf <strong><span style=\"color: #ff0000;\">468<\/span><\/strong> (in Worten: vierhundertachtundsechzig!!!) Marken.<\/p>\n<p>In <span style=\"background-color: #00ffff;\">2022<\/span> verlangsamte sich diese Entwicklung gl\u00fccklicherweise erheblich auf <span style=\"color: #ff0000;\"><strong>199<\/strong><\/span> Marken und in\u00a0<span style=\"background-color: #00ffff;\">2023<\/span> auf <strong><span style=\"color: #ff0000;\">182<\/span><\/strong><span style=\"color: #ff0000;\"><span style=\"color: #000000;\">, in <span style=\"background-color: #00ffff;\">2024<\/span> gar auf NUR <strong><span style=\"color: #ff0000;\">49<\/span><\/strong>.<\/span><\/span><\/p>\n<p>Allerdings zeigte sich zuletzt, dass die Ausgabe neuer Agentenmarken mit sehr grosser Zeitverz\u00f6gerung vollzogen wird. So wurden erst k\u00fcrzlich (in <span style=\"background-color: #00ffff;\">2024)<\/span> Marken mit Ausgabedatum 09.10.2023 in den Markt gebracht.<\/p>\n<p><strong><a href=\"http:\/\/chessstamps.com\/wp-content\/uploads\/2025\/02\/Agent-Stamps-2024.jpg\"><img loading=\"lazy\" decoding=\"async\" class=\"alignnone wp-image-4205 size-full\" src=\"http:\/\/chessstamps.com\/wp-content\/uploads\/2025\/02\/Agent-Stamps-2024.jpg\" alt=\"\" width=\"646\" height=\"561\" srcset=\"http:\/\/chessstamps.com\/wp-content\/uploads\/2025\/02\/Agent-Stamps-2024.jpg 646w, http:\/\/chessstamps.com\/wp-content\/uploads\/2025\/02\/Agent-Stamps-2024-300x261.jpg 300w, http:\/\/chessstamps.com\/wp-content\/uploads\/2025\/02\/Agent-Stamps-2024-624x542.jpg 624w\" sizes=\"auto, (max-width: 646px) 100vw, 646px\" \/><\/a><\/strong><\/p>\n<p><strong><span style=\"color: #3366ff;\">New Semi-Official Chess Stamps (&#8222;Agent Stamps&#8220;)<\/span><br \/>\n<\/strong><\/p>\n<p>Agent stamps pose a serious threat to serious stamp collectors. They feign collectability and postal utility. Their value is only short-lived (only when sold by the agent). Sales are later possible only to unsuspecting and inexperienced collectors. If one does not want to be seduced into this unethical behaviour, it is best not to buy these worthless pieces at all.<\/p>\n<p>Since I am of the opinion that these printed works are not worthy of being advertised here as &#8222;news&#8220;, I will forego a pictorial presentation and only inform you about the number of printed pictures. Right away: The total number of agent chess stamps newly launched in <span style=\"background-color: #00ffff;\">2021<\/span> was <span style=\"color: #ff0000;\"><strong>462<\/strong><\/span> (in words: four hundred and sixty-two!!!) stamps.<\/p>\n<p>In <span style=\"background-color: #00ffff;\">2022<\/span>, this development happily slowed down considerably (see charts above) to <span style=\"color: #ff0000;\"><strong>199<\/strong><\/span> new agent chess stamps in total, to <strong><span style=\"color: #ff0000;\">182<\/span><\/strong> in <span style=\"background-color: #00ffff;\">2023<\/span> and in <span style=\"background-color: #00ffff;\">2024<\/span> even more to only <strong><span style=\"color: #ff0000;\">49<\/span><\/strong>!<\/p>\n<p>However, it has recently become apparent that the issuing of new agent stamps is carried out with a very long delay. Stamps with an issue date of October 9, 2023 were only recently brought onto the market (March 7,2024).<\/p>\n<p><strong>Neue Abzockmethode\/New Rip-off method<\/strong><\/p>\n<p>Eine neue Abzockmethode wurde k\u00fcrzlich aufgedeckt: Vor mehr als 10 Jahren herausgebrachte Einzelmarken werden neuerdings als Blocks angeboten. Schauen Sie in die folgende Liste:<\/p>\n<p>Klick hier:\u00a0<a href=\"http:\/\/chessstamps.com\/wp-content\/uploads\/2025\/02\/rep_NachtraeglichAusgegebeneBlocks.pdf\">Nachtr\u00e4glich ausgegebene Blocks<\/a><\/p>\n<p>Another rip-off method has been detected recently: individual stamps that were issued more than 10 years ago are now being offered as blocks. See list under above link.<\/p>\n<p>&#8211; &#8211; &#8211; &#8211; &#8211; &#8211; &#8211; &#8211; &#8211; &#8211; &#8211; &#8211; &#8211; &#8211; &#8211; &#8211; &#8211; &#8211; &#8211; &#8211; &#8211; &#8211; &#8211; &#8211; &#8211; &#8211; &#8211; &#8211; &#8211; &#8211; &#8211; &#8211; &#8211; &#8211; &#8211; &#8211; &#8211; &#8211; &#8211; &#8211; &#8211; &#8211; &#8211; &#8211; &#8211; &#8211; &#8211; &#8211; &#8211; &#8211; &#8211; &#8211; &#8211; &#8211; &#8211; &#8211; &#8211; &#8211; &#8211; &#8211; &#8211; &#8211; &#8211; &#8211;<\/p>\n<p>Sollten Sie Fehler auf diesen neuen Listen entdecken, teilen Sie es mir bitte mit.<\/p>\n<p><span style=\"color: #0000ff;\">Should you find errors on this new list, please inform me accordingly.<\/span><\/p>\n<p>Zum Starten des Downloads auf die jeweilige Grafik klicken \/ <span style=\"color: #0000ff;\">To start the download click on the following graphs:<\/span><\/p>\n<p><a href=\"http:\/\/chessstamps.com\/wp-content\/uploads\/2017\/02\/repM\u00fcnzen_D.pdf\" target=\"_blank\" rel=\"noopener noreferrer\"><img loading=\"lazy\" decoding=\"async\" class=\"alignnone wp-image-989 size-full\" src=\"http:\/\/chessstamps.com\/wp-content\/uploads\/2017\/02\/DL-3-M\u00fcnzen.jpg\" width=\"193\" height=\"156\" \/><\/a><a href=\"http:\/\/chessstamps.com\/wp-content\/uploads\/2017\/02\/repNotgeld_D.pdf\" target=\"_blank\" rel=\"noopener noreferrer\"><img loading=\"lazy\" decoding=\"async\" class=\"alignnone wp-image-1026 size-full\" src=\"http:\/\/chessstamps.com\/wp-content\/uploads\/2017\/02\/DL-1-Notgeld-1.jpg\" width=\"192\" height=\"153\" \/><\/a><\/p>\n<p><a href=\"http:\/\/chessstamps.com\/wp-content\/uploads\/2017\/02\/repM\u00fcnzen_GB.pdf\" target=\"_blank\" rel=\"noopener noreferrer\"><img loading=\"lazy\" decoding=\"async\" class=\"alignnone wp-image-992 size-full\" src=\"http:\/\/chessstamps.com\/wp-content\/uploads\/2017\/02\/DL-6-Coins.jpg\" width=\"188\" height=\"153\" \/><\/a><a href=\"http:\/\/chessstamps.com\/wp-content\/uploads\/2017\/02\/repNotgeld_GB.pdf\" target=\"_blank\" rel=\"noopener noreferrer\"><img loading=\"lazy\" decoding=\"async\" class=\"alignnone wp-image-1027 size-full\" src=\"http:\/\/chessstamps.com\/wp-content\/uploads\/2017\/02\/DL-4-Emergency-Money-1.jpg\" width=\"194\" height=\"154\" \/><\/a><\/p>\n","protected":false},"excerpt":{"rendered":"<p>Letzte Aktualisierung\/Last Update: 12.02.2025 Die folgenden Nutzungsbedingungen gelten f\u00fcr die kostenlosen Downloads auf dieser Seite: Nachdruck, Vervielf\u00e4ltigung oder Einspeicherung in Medien aller Art und \u00dcbersetzung in andere Sprachen, auch auszugsweise, sind nur mit Nennung des Herausgebers www.chessstamps.com zul\u00e4ssig. The following conditions of use apply to the free downloads on this page: Reprints, duplication or storage [&hellip;]<\/p>\n","protected":false},"author":1,"featured_media":0,"parent":0,"menu_order":0,"comment_status":"closed","ping_status":"closed","template":"","meta":{"footnotes":""},"class_list":["post-972","page","type-page","status-publish","hentry"],"_links":{"self":[{"href":"http:\/\/chessstamps.com\/index.php?rest_route=\/wp\/v2\/pages\/972","targetHints":{"allow":["GET"]}}],"collection":[{"href":"http:\/\/chessstamps.com\/index.php?rest_route=\/wp\/v2\/pages"}],"about":[{"href":"http:\/\/chessstamps.com\/index.php?rest_route=\/wp\/v2\/types\/page"}],"author":[{"embeddable":true,"href":"http:\/\/chessstamps.com\/index.php?rest_route=\/wp\/v2\/users\/1"}],"replies":[{"embeddable":true,"href":"http:\/\/chessstamps.com\/index.php?rest_route=%2Fwp%2Fv2%2Fcomments&post=972"}],"version-history":[{"count":141,"href":"http:\/\/chessstamps.com\/index.php?rest_route=\/wp\/v2\/pages\/972\/revisions"}],"predecessor-version":[{"id":4223,"href":"http:\/\/chessstamps.com\/index.php?rest_route=\/wp\/v2\/pages\/972\/revisions\/4223"}],"wp:attachment":[{"href":"http:\/\/chessstamps.com\/index.php?rest_route=%2Fwp%2Fv2%2Fmedia&parent=972"}],"curies":[{"name":"wp","href":"https:\/\/api.w.org\/{rel}","templated":true}]}}