{"id":602,"date":"2015-12-14T18:11:04","date_gmt":"2015-12-14T17:11:04","guid":{"rendered":"http:\/\/chessstamps.com\/?page_id=602"},"modified":"2023-09-22T17:10:25","modified_gmt":"2023-09-22T16:10:25","slug":"1-briefmarken-katalog","status":"publish","type":"page","link":"http:\/\/chessstamps.com\/?page_id=602","title":{"rendered":"A1 Briefmarken (BM)"},"content":{"rendered":"<p>Zuletzt aktualisiert: <strong>22.09.2023<\/strong><\/p>\n<p>Hiermit informiere ich Sie dar\u00fcber, dass eine neue 3. Auflage meines Briefmarken-Katalogs f\u00fcr Dezember dieses Jahres geplant ist. Der Redaktionsschluss wird so sp\u00e4t wie m\u00f6glich gelegt und voraussichtlich 30.11.2023 betragen. Auslieferung ab 01.12.2023.<\/p>\n<p><strong>Was bietet der Katalog?<\/strong><\/p>\n<ul>\n<li>Aufgrund des inzwischen riesigen Umfangs der Schachbriefmarken muss aus technischen Gr\u00fcnden eine Teilung in zwei Zeitschienen erfolgen: 1947 \u2013 1989 und 1990 \u2013 2023.<\/li>\n<li>ALLE Schach-Briefmarken bis zum Redaktionsschluss, aufgelistet (a) chronologisch und (b) nach L\u00e4ndern und innerhalb der L\u00e4nder chronologisch. Pro Marke = 1 Seite = 1.867 Seiten!<\/li>\n<li>Ebenso in getrennten Listen Variationen (116 Seiten) und Ausgabeb\u00f6gen (380 Seiten).<\/li>\n<li>Ganz neu ist die Integration der niederl\u00e4ndischen Stadspost-Marken, die zus\u00e4tzlich auf 285 Seiten separat dargestellt werden.<\/li>\n<li>Und f\u00fcr \u201eEilige\u201c das Ganze in Kompaktlisten mit einem Umfang von 215 Seiten.<\/li>\n<li>Dann gibt es wie \u00fcblich Zusammenstellungen von Designern, Auflagenh\u00f6hen, Markengr\u00f6ssen, Schachmeistern auf Marken und \u2013 neu \u2013 Listen mit den bekannten Cinderellas, semi-offiziellen Marken und solchen Briefmarken, die schnell irrt\u00fcmlich als Schachmarken angesehen werden k\u00f6nnen \u2013 aber eben keine sind.<\/li>\n<li>Neben den regelm\u00e4\u00dfigen Beigaben, wie z. B.<\/li>\n<li>Schach in der Literatur<\/li>\n<li>Schach in der Malerei (beide von Gerhard Buchfelder),<\/li>\n<\/ul>\n<p>die allesamt auf den neuesten Stand gebracht sind, kommt in diesem Katalog neu eine bebilderte Bibliographie (27 Seiten) der bisherigen philatelistischen Kataloge zum Thema Schach hinzu.<\/p>\n<ul>\n<li>Dar\u00fcber hinaus werden Statistiken zu den Sammelgebieten Briefmarken, Ganzsachen, FDCs und Stempel beigef\u00fcgt und eine Gesamtliste ALLER Schach-Sammelobjekte.<\/li>\n<li>Zur Abrundung gibt es noch Listen mit Informationen zu den L\u00e4ndern, W\u00e4hrungen und Definitionen (BM, GS, FDCs, ST).<\/li>\n<\/ul>\n<p>Da der Seitenumfang dieser 3. Auflage insgesamt mehr als 8.300 Seiten umfasst (kein Scherz!), erfolgt die Auslieferung wie gewohnt per Datendownload. Drucken lie\u00dfe sich das alles einfach nicht. Die Anzahl der im Gesamtkatalog verarbeiteten Datens\u00e4tze bel\u00e4uft sich auf &gt;35.500 St\u00fcck.<\/p>\n<p>Der Katalog kann in deutscher und englischer Sprache bestellt werden.<\/p>\n<p>Bestellungen k\u00f6nnen ab sofort auf meiner Website <a href=\"http:\/\/www.chessstamps.com\">www.chessstamps.com<\/a> mittels eines Bestellformulars vorgenommen werden. Der Preis f\u00fcr den Katalog betr\u00e4gt 20,00 EUR, fr\u00fchere K\u00e4ufer erhalten einen Treuebonus von 25% und zahlen nur 15,00 EUR.<\/p>\n<p>Hier geht es weiter:<\/p>\n<p><a href=\"http:\/\/chessstamps.com\/?page_id=69\">11 BM Katalog<\/a><\/p>\n<p><a href=\"http:\/\/chessstamps.com\/?page_id=94\">12 Bestellung<\/a><\/p>\n<p><a href=\"http:\/\/chessstamps.com\/?page_id=106\">13 Statistik<\/a><\/p>\n","protected":false},"excerpt":{"rendered":"<p>Zuletzt aktualisiert: 22.09.2023 Hiermit informiere ich Sie dar\u00fcber, dass eine neue 3. Auflage meines Briefmarken-Katalogs f\u00fcr Dezember dieses Jahres geplant ist. Der Redaktionsschluss wird so sp\u00e4t wie m\u00f6glich gelegt und voraussichtlich 30.11.2023 betragen. Auslieferung ab 01.12.2023. Was bietet der Katalog? Aufgrund des inzwischen riesigen Umfangs der Schachbriefmarken muss aus technischen Gr\u00fcnden eine Teilung in zwei [&hellip;]<\/p>\n","protected":false},"author":1,"featured_media":0,"parent":61,"menu_order":0,"comment_status":"closed","ping_status":"open","template":"","meta":{"footnotes":""},"class_list":["post-602","page","type-page","status-publish","hentry"],"_links":{"self":[{"href":"http:\/\/chessstamps.com\/index.php?rest_route=\/wp\/v2\/pages\/602","targetHints":{"allow":["GET"]}}],"collection":[{"href":"http:\/\/chessstamps.com\/index.php?rest_route=\/wp\/v2\/pages"}],"about":[{"href":"http:\/\/chessstamps.com\/index.php?rest_route=\/wp\/v2\/types\/page"}],"author":[{"embeddable":true,"href":"http:\/\/chessstamps.com\/index.php?rest_route=\/wp\/v2\/users\/1"}],"replies":[{"embeddable":true,"href":"http:\/\/chessstamps.com\/index.php?rest_route=%2Fwp%2Fv2%2Fcomments&post=602"}],"version-history":[{"count":17,"href":"http:\/\/chessstamps.com\/index.php?rest_route=\/wp\/v2\/pages\/602\/revisions"}],"predecessor-version":[{"id":3951,"href":"http:\/\/chessstamps.com\/index.php?rest_route=\/wp\/v2\/pages\/602\/revisions\/3951"}],"up":[{"embeddable":true,"href":"http:\/\/chessstamps.com\/index.php?rest_route=\/wp\/v2\/pages\/61"}],"wp:attachment":[{"href":"http:\/\/chessstamps.com\/index.php?rest_route=%2Fwp%2Fv2%2Fmedia&parent=602"}],"curies":[{"name":"wp","href":"https:\/\/api.w.org\/{rel}","templated":true}]}}