{"id":599,"date":"2015-12-14T18:09:24","date_gmt":"2015-12-14T17:09:24","guid":{"rendered":"http:\/\/chessstamps.com\/?page_id=599"},"modified":"2024-03-22T12:01:51","modified_gmt":"2024-03-22T11:01:51","slug":"21-schachstempel","status":"publish","type":"page","link":"http:\/\/chessstamps.com\/?page_id=599","title":{"rendered":"A2 Stempel (ST)"},"content":{"rendered":"<p>Letzte Aktualisierung: 16.05.2023<\/p>\n<p><strong>Status: 3. Auflage &#8211; 05\/2022 (&#8222;Ukranian Edition&#8220;)<\/strong><\/p>\n<p><a href=\"http:\/\/chessstamps.com\/?page_id=605\">21 Schach-Stempel-Katalog (SST)<\/a><\/p>\n<p><a href=\"http:\/\/chessstamps.com\/?page_id=607\">22 Bestellung<\/a><\/p>\n<p><a href=\"http:\/\/chessstamps.com\/?page_id=609\">23 Statistik<\/a><\/p>\n<p>Kataloge f\u00fcr Poststempel mit Schachmotiven sind d\u00fcnn ges\u00e4t. Tats\u00e4chlich mu\u00df sich der Sammler entweder auf die Suche nach (l\u00fcckenhaften) privaten Internetseiten begeben oder in den einschl\u00e4gigen Auktionsplattformen w\u00fchlen. Einen guten \u00dcberblick erh\u00e4lt er dadurch aber nicht.<\/p>\n<p>Es ist allgemein anerkannt, da\u00df das Interesse bei Sammlern zur\u00fcckgeht, wenn sie keine M\u00f6glichkeit haben, sich \u00fcber ihr Sammelgebiet umfassend zu informieren. Also, auch ein Sammelgebiet will gepflegt sein.<\/p>\n<p>Dieser Katalog m\u00f6chte die L\u00fccke schlie\u00dfen, die sich seit der Einstellung des Checkmate-Katalogs im August 1988 aufgetan hat. Erstmalig werden (nahezu) alle ausgegebenen Stempel ausf\u00fchrlich in einem Werk zusammengefa\u00dft dargestellt.<\/p>\n<p>Bei unserer Arbeit haben wir auch die eine oder andere bisher unbekannte L\u00fccke schlie\u00dfen k\u00f6nnen. Es gibt also noch ein paar mehr Stempel, als die bisherigen Kataloge aufgezeigt haben. Gleichzeitig muss aber auch zugegeben werden, da\u00df auch dieser Katalog trotz aller Bem\u00fchungen sicher nicht komplett ist.<\/p>\n<p>Es hat eine Unmenge an Zeit verschlungen, alle Stempel in eine Datenbank aufzunehmen und entsprechende Bilder zuzuordnen. Das kann nicht jeder Sammler f\u00fcr sich selbst machen. Hier wurde die umfangreiche Arbeit einmal gemacht und steht jetzt allen Sammlern zur Verf\u00fcgung.<\/p>\n<p><strong><em>3. Auflage<\/em><\/strong><\/p>\n<p>Mit der neuen Auflage wird eine neue \u00c4ra eingel\u00e4utet. Der Katalog hat nicht nur die Zahl von 5.000 Schachstempeln \u00fcberschritten, sondern bietet im Vergleich zu fr\u00fcheren Ausgaben noch zwei epochale Neuigkeiten:<\/p>\n<p>a. Zu jedem Stempel werden Belege gezeigt, die aus Anlass des Stempels herausgegeben wurden. Das sollen m\u00f6glichst nur offizielle Covers sein, aber in allen F\u00e4llen lie\u00df sich das nicht einwandfrei ermitteln.<\/p>\n<p>b. F\u00fcr alle Sonderstempel (au\u00dfer private Stempel) wurden Vergleichspreise ermittelt. Das ist vollkommen neu und die Methodik der Preisbewertung wird transparent dargestellt.<\/p>\n","protected":false},"excerpt":{"rendered":"<p>Letzte Aktualisierung: 16.05.2023 Status: 3. Auflage &#8211; 05\/2022 (&#8222;Ukranian Edition&#8220;) 21 Schach-Stempel-Katalog (SST) 22 Bestellung 23 Statistik Kataloge f\u00fcr Poststempel mit Schachmotiven sind d\u00fcnn ges\u00e4t. Tats\u00e4chlich mu\u00df sich der Sammler entweder auf die Suche nach (l\u00fcckenhaften) privaten Internetseiten begeben oder in den einschl\u00e4gigen Auktionsplattformen w\u00fchlen. Einen guten \u00dcberblick erh\u00e4lt er dadurch aber nicht. Es ist [&hellip;]<\/p>\n","protected":false},"author":1,"featured_media":0,"parent":61,"menu_order":0,"comment_status":"closed","ping_status":"open","template":"","meta":{"footnotes":""},"class_list":["post-599","page","type-page","status-publish","hentry"],"_links":{"self":[{"href":"http:\/\/chessstamps.com\/index.php?rest_route=\/wp\/v2\/pages\/599","targetHints":{"allow":["GET"]}}],"collection":[{"href":"http:\/\/chessstamps.com\/index.php?rest_route=\/wp\/v2\/pages"}],"about":[{"href":"http:\/\/chessstamps.com\/index.php?rest_route=\/wp\/v2\/types\/page"}],"author":[{"embeddable":true,"href":"http:\/\/chessstamps.com\/index.php?rest_route=\/wp\/v2\/users\/1"}],"replies":[{"embeddable":true,"href":"http:\/\/chessstamps.com\/index.php?rest_route=%2Fwp%2Fv2%2Fcomments&post=599"}],"version-history":[{"count":19,"href":"http:\/\/chessstamps.com\/index.php?rest_route=\/wp\/v2\/pages\/599\/revisions"}],"predecessor-version":[{"id":4072,"href":"http:\/\/chessstamps.com\/index.php?rest_route=\/wp\/v2\/pages\/599\/revisions\/4072"}],"up":[{"embeddable":true,"href":"http:\/\/chessstamps.com\/index.php?rest_route=\/wp\/v2\/pages\/61"}],"wp:attachment":[{"href":"http:\/\/chessstamps.com\/index.php?rest_route=%2Fwp%2Fv2%2Fmedia&parent=599"}],"curies":[{"name":"wp","href":"https:\/\/api.w.org\/{rel}","templated":true}]}}