{"id":2981,"date":"2021-01-15T14:47:50","date_gmt":"2021-01-15T13:47:50","guid":{"rendered":"http:\/\/chessstamps.com\/?page_id=2981"},"modified":"2021-01-15T18:48:19","modified_gmt":"2021-01-15T17:48:19","slug":"a421-bestellformular-fdc","status":"publish","type":"page","link":"http:\/\/chessstamps.com\/?page_id=2981","title":{"rendered":"A421 Bestellformular (FDC)"},"content":{"rendered":"\n\n<div class=\"wpcf7 no-js\" id=\"wpcf7-f2823-o1\" lang=\"de-DE\" dir=\"ltr\" data-wpcf7-id=\"2823\">\n<div class=\"screen-reader-response\"><p role=\"status\" aria-live=\"polite\" aria-atomic=\"true\"><\/p> <ul><\/ul><\/div>\n<form action=\"\/index.php?rest_route=%2Fwp%2Fv2%2Fpages%2F2981#wpcf7-f2823-o1\" method=\"post\" class=\"wpcf7-form init\" aria-label=\"Kontaktformular\" novalidate=\"novalidate\" data-status=\"init\">\n<fieldset class=\"hidden-fields-container\"><input type=\"hidden\" name=\"_wpcf7\" value=\"2823\" \/><input type=\"hidden\" name=\"_wpcf7_version\" value=\"6.1.5\" \/><input type=\"hidden\" name=\"_wpcf7_locale\" value=\"de_DE\" \/><input type=\"hidden\" name=\"_wpcf7_unit_tag\" value=\"wpcf7-f2823-o1\" \/><input type=\"hidden\" name=\"_wpcf7_container_post\" value=\"0\" \/><input type=\"hidden\" name=\"_wpcf7_posted_data_hash\" value=\"\" \/>\n<\/fieldset>\n<p>Mit diesem Formular k\u00f6nnen Sie Ihren Katalog bestellen. Der Preis versteht sich f\u00fcr die Lieferung per Dateien-Download (DDL). Der zugeh\u00f6rige Link wird Ihnen nach Bezahlung mitgeteilt. Bearbeitungsstand 15.01.2021\n<\/p>\n<p><b>Bitte geben Sie Ihre Absenderdaten vollst\u00e4ndig an:<br \/>\n(* = Pflichtfelder)<br \/>\nNachname: *<br \/>\n<span class=\"wpcf7-form-control-wrap\" data-name=\"Nachname\"><input size=\"40\" maxlength=\"400\" class=\"wpcf7-form-control wpcf7-text wpcf7-validates-as-required\" aria-required=\"true\" aria-invalid=\"false\" value=\"\" type=\"text\" name=\"Nachname\" \/><\/span><br \/>\nVorname: *<br \/>\n<span class=\"wpcf7-form-control-wrap\" data-name=\"Vorname\"><input size=\"40\" maxlength=\"400\" class=\"wpcf7-form-control wpcf7-text wpcf7-validates-as-required\" aria-required=\"true\" aria-invalid=\"false\" value=\"\" type=\"text\" name=\"Vorname\" \/><\/span><br \/>\nEmailadresse: *<br \/>\n<span class=\"wpcf7-form-control-wrap\" data-name=\"Emailadresse\"><input size=\"40\" maxlength=\"400\" class=\"wpcf7-form-control wpcf7-email wpcf7-validates-as-required wpcf7-text wpcf7-validates-as-email\" aria-required=\"true\" aria-invalid=\"false\" value=\"\" type=\"email\" name=\"Emailadresse\" \/><\/span><br \/>\nOrt:*<br \/>\n<span class=\"wpcf7-form-control-wrap\" data-name=\"Ort\"><input size=\"40\" maxlength=\"400\" class=\"wpcf7-form-control wpcf7-text wpcf7-validates-as-required\" aria-required=\"true\" aria-invalid=\"false\" value=\"\" type=\"text\" name=\"Ort\" \/><\/span><br \/>\nLand: *<br \/>\n<span class=\"wpcf7-form-control-wrap\" data-name=\"Land\"><input size=\"40\" maxlength=\"400\" class=\"wpcf7-form-control wpcf7-text wpcf7-validates-as-required\" aria-required=\"true\" aria-invalid=\"false\" value=\"\" type=\"text\" name=\"Land\" \/><\/span><br \/>\n------------------------------------------------------------------------------------------------------------------------------------------<br \/>\nBitte w\u00e4hlen Sie Ihre gew\u00fcnschte Zahlungsmethode aus: <span class=\"wpcf7-form-control-wrap\" data-name=\"Payment\"><span class=\"wpcf7-form-control wpcf7-radio\"><span class=\"wpcf7-list-item first\"><input type=\"radio\" name=\"Payment\" value=\"PayPal (+1 EUR)\" \/><span class=\"wpcf7-list-item-label\">PayPal (+1 EUR)<\/span><\/span><span class=\"wpcf7-list-item last\"><input type=\"radio\" name=\"Payment\" value=\"SEPA (nur in der EU)\" \/><span class=\"wpcf7-list-item-label\">SEPA (nur in der EU)<\/span><\/span><\/span><\/span><br \/>\n------------------------------------------------------------------------------------------------------------------------------------------<br \/>\nBitte best\u00e4tigen Sie Ihr Produkt:<br \/>\nDateien Download (DDL) Katalog Schach auf FDCs, 1. Auflage 2020 f\u00fcr 15,00 EUR: <span class=\"wpcf7-form-control-wrap\" data-name=\"A\"><span class=\"wpcf7-form-control wpcf7-checkbox\"><span class=\"wpcf7-list-item first last\"><input type=\"checkbox\" name=\"A[]\" value=\"\" \/><span class=\"wpcf7-list-item-label\"><\/span><\/span><\/span><\/span><br \/>\n------------------------------------------------------------------------------------------------------------------------------------------<br \/>\nBitte markieren Sie EINE Sprache, in der Sie den Katalog w\u00fcnschen: <span class=\"wpcf7-form-control-wrap\" data-name=\"Sprache\"><span class=\"wpcf7-form-control wpcf7-radio\"><span class=\"wpcf7-list-item first\"><input type=\"radio\" name=\"Sprache\" value=\"DEUTSCH\" \/><span class=\"wpcf7-list-item-label\">DEUTSCH<\/span><\/span><span class=\"wpcf7-list-item last\"><input type=\"radio\" name=\"Sprache\" value=\"ENGLISH\" \/><span class=\"wpcf7-list-item-label\">ENGLISH<\/span><\/span><\/span><\/span><br \/>\n------------------------------------------------------------------------------------------------------------------------------------------<br \/>\nIch habe die <a href=\"?page_id=102\" target=\"_blank\">AGB<\/a> gelesen und best\u00e4tige mein Einverst\u00e4ndnis: <span class=\"wpcf7-form-control-wrap\" data-name=\"ZustimmungAGB\"><span class=\"wpcf7-form-control wpcf7-acceptance\"><span class=\"wpcf7-list-item\"><input type=\"checkbox\" name=\"ZustimmungAGB\" value=\"1\" aria-invalid=\"false\" \/><\/span><\/span><\/span> *<br \/>\nVor dem Versenden bitte noch das CAPTCHA ausf\u00fcllen:<br \/>\n<input type=\"hidden\" name=\"_wpcf7_captcha_challenge_CAPTCHA\" value=\"51459288\" \/><img loading=\"lazy\" decoding=\"async\" class=\"wpcf7-form-control wpcf7-captchac wpcf7-captcha-CAPTCHA\" width=\"60\" height=\"20\" alt=\"captcha\" src=\"http:\/\/chessstamps.com\/wp-content\/uploads\/wpcf7_captcha\/51459288.png\" \/><br \/>\n<span class=\"wpcf7-form-control-wrap\" data-name=\"CAPTCHA\"><input size=\"10\" class=\"wpcf7-form-control wpcf7-captchar\" autocomplete=\"off\" aria-invalid=\"false\" value=\"\" type=\"text\" name=\"CAPTCHA\" \/><\/span> *<br \/>\nBitte pr\u00fcfen Sie Ihre Angaben und klicken Sie dann zum Abschluss des Bestellvorgangs auf den \"Senden\"- Button: <input class=\"wpcf7-form-control wpcf7-submit has-spinner\" type=\"submit\" value=\"Senden\" \/><br \/>\n------------------------------------------------------------------------------------------------------------------------------------------<br \/>\nSie erhalten in K\u00fcrze eine Bestellbest\u00e4tigung per Email. Sollten Sie sie nicht erhalten, kontaktieren Sie uns bitte unter<br \/>\norder@chessstamps.com<br \/>\n<\/b><b>Vielen Dank f\u00fcr Ihre Bestellung!<\/b>\n<\/p><p style=\"display: none !important;\" class=\"akismet-fields-container\" data-prefix=\"_wpcf7_ak_\"><label>&#916;<textarea name=\"_wpcf7_ak_hp_textarea\" cols=\"45\" rows=\"8\" maxlength=\"100\"><\/textarea><\/label><input type=\"hidden\" id=\"ak_js_1\" name=\"_wpcf7_ak_js\" value=\"44\"\/><script>document.getElementById( \"ak_js_1\" ).setAttribute( \"value\", ( new Date() ).getTime() );<\/script><\/p><div class=\"wpcf7-response-output\" aria-hidden=\"true\"><\/div>\n<\/form>\n<\/div>\n\n","protected":false},"excerpt":{"rendered":"","protected":false},"author":1,"featured_media":0,"parent":2768,"menu_order":0,"comment_status":"closed","ping_status":"closed","template":"","meta":{"footnotes":""},"class_list":["post-2981","page","type-page","status-publish","hentry"],"_links":{"self":[{"href":"http:\/\/chessstamps.com\/index.php?rest_route=\/wp\/v2\/pages\/2981","targetHints":{"allow":["GET"]}}],"collection":[{"href":"http:\/\/chessstamps.com\/index.php?rest_route=\/wp\/v2\/pages"}],"about":[{"href":"http:\/\/chessstamps.com\/index.php?rest_route=\/wp\/v2\/types\/page"}],"author":[{"embeddable":true,"href":"http:\/\/chessstamps.com\/index.php?rest_route=\/wp\/v2\/users\/1"}],"replies":[{"embeddable":true,"href":"http:\/\/chessstamps.com\/index.php?rest_route=%2Fwp%2Fv2%2Fcomments&post=2981"}],"version-history":[{"count":1,"href":"http:\/\/chessstamps.com\/index.php?rest_route=\/wp\/v2\/pages\/2981\/revisions"}],"predecessor-version":[{"id":2982,"href":"http:\/\/chessstamps.com\/index.php?rest_route=\/wp\/v2\/pages\/2981\/revisions\/2982"}],"up":[{"embeddable":true,"href":"http:\/\/chessstamps.com\/index.php?rest_route=\/wp\/v2\/pages\/2768"}],"wp:attachment":[{"href":"http:\/\/chessstamps.com\/index.php?rest_route=%2Fwp%2Fv2%2Fmedia&parent=2981"}],"curies":[{"name":"wp","href":"https:\/\/api.w.org\/{rel}","templated":true}]}}