{"id":1900,"date":"2019-11-07T14:31:56","date_gmt":"2019-11-07T13:31:56","guid":{"rendered":"http:\/\/chessstamps.com\/?page_id=1900"},"modified":"2021-01-12T10:17:22","modified_gmt":"2021-01-12T09:17:22","slug":"312-sgs-kataloginhalt","status":"publish","type":"page","link":"http:\/\/chessstamps.com\/?page_id=1900","title":{"rendered":"A312 Kataloginhalt (GS)"},"content":{"rendered":"\n<p>Stand: 07.11.2019<\/p>\n\n\n\n<p>Der SGS-Katalog enth\u00e4lt folgende Einzelinformationen (Katalogfelder) pro SGS:<\/p>\n\n\n\n<ol class=\"wp-block-list\"><li>Land<\/li><li>Ausgabedatum<\/li><li>Typ<\/li><li>Auflage<\/li><li>Marktverf\u00fcgbarkeit<\/li><li>Ma\u00dfe (Breite x H\u00f6he)<\/li><li>Nominalwert<\/li><li>Designer<\/li><li>Nationale Seriennummer<\/li><li>Referenznummern anderer Kataloge: Voishko, Checkmate und GSM-Heftnummer<\/li><li>Besonderheiten einer SGS<\/li><li>Tauschwert<\/li><li>Vorder- und R\u00fcckseite: Originaltext, \u00dcbersetzung, Bemerkungen, Druckvermerke<\/li><li>Bilder: Vorderseite + R\u00fcckseite + Cachet + Briefmarke<\/li><\/ol>\n\n\n\n<p><\/p>\n","protected":false},"excerpt":{"rendered":"<p>Stand: 07.11.2019 Der SGS-Katalog enth\u00e4lt folgende Einzelinformationen (Katalogfelder) pro SGS: Land Ausgabedatum Typ Auflage Marktverf\u00fcgbarkeit Ma\u00dfe (Breite x H\u00f6he) Nominalwert Designer Nationale Seriennummer Referenznummern anderer Kataloge: Voishko, Checkmate und GSM-Heftnummer Besonderheiten einer SGS Tauschwert Vorder- und R\u00fcckseite: Originaltext, \u00dcbersetzung, Bemerkungen, Druckvermerke Bilder: Vorderseite + R\u00fcckseite + Cachet + Briefmarke<\/p>\n","protected":false},"author":1,"featured_media":0,"parent":1915,"menu_order":2,"comment_status":"closed","ping_status":"closed","template":"","meta":{"footnotes":""},"class_list":["post-1900","page","type-page","status-publish","hentry"],"_links":{"self":[{"href":"http:\/\/chessstamps.com\/index.php?rest_route=\/wp\/v2\/pages\/1900","targetHints":{"allow":["GET"]}}],"collection":[{"href":"http:\/\/chessstamps.com\/index.php?rest_route=\/wp\/v2\/pages"}],"about":[{"href":"http:\/\/chessstamps.com\/index.php?rest_route=\/wp\/v2\/types\/page"}],"author":[{"embeddable":true,"href":"http:\/\/chessstamps.com\/index.php?rest_route=\/wp\/v2\/users\/1"}],"replies":[{"embeddable":true,"href":"http:\/\/chessstamps.com\/index.php?rest_route=%2Fwp%2Fv2%2Fcomments&post=1900"}],"version-history":[{"count":5,"href":"http:\/\/chessstamps.com\/index.php?rest_route=\/wp\/v2\/pages\/1900\/revisions"}],"predecessor-version":[{"id":2806,"href":"http:\/\/chessstamps.com\/index.php?rest_route=\/wp\/v2\/pages\/1900\/revisions\/2806"}],"up":[{"embeddable":true,"href":"http:\/\/chessstamps.com\/index.php?rest_route=\/wp\/v2\/pages\/1915"}],"wp:attachment":[{"href":"http:\/\/chessstamps.com\/index.php?rest_route=%2Fwp%2Fv2%2Fmedia&parent=1900"}],"curies":[{"name":"wp","href":"https:\/\/api.w.org\/{rel}","templated":true}]}}