{"id":1038,"date":"2017-09-08T10:36:13","date_gmt":"2017-09-08T09:36:13","guid":{"rendered":"http:\/\/chessstamps.com\/?page_id=1038"},"modified":"2024-01-14T22:34:13","modified_gmt":"2024-01-14T21:34:13","slug":"3-wertlose-brief-marken","status":"publish","type":"page","link":"http:\/\/chessstamps.com\/?page_id=1038","title":{"rendered":"H11 Illegale Schach-&#8222;Briefmarken&#8220;"},"content":{"rendered":"<p>Letzte Aktualisierung am 14.01.2024<\/p>\n<p>Sie finden hier momentan sechs PDF-Listen, die Ihnen illegale Schach-&#8222;Brief&#8220;marken zeigen. Da diese wertlosen Produkte st\u00e4ndig auf Auktionsplattformen im Internet angeboten werden, war es nicht schwierig diese Listen zusammenzustellen. Aber zeitaufw\u00e4ndig, weil es so viele illegale Marken gibt. Weil st\u00e4ndig viele neue illegale Marken auf den Markt geworfen werden, k\u00f6nnen diese Listen auch nicht vollst\u00e4ndig sein. Schauen Sie also immer mal wieder hinein, um sich auf den neuesten Stand zu bringen.<\/p>\n<p>M\u00f6glicherweise fragen Sie sich, was diese Berichterstattung soll? Ihnen soll hiermit die M\u00f6glichkeit gegeben werden, sich selbst zu sch\u00fctzen! Sammler werden zum Kauf dieser illegalen Artikel verf\u00fchrt und k\u00f6nnen oft gar nicht entscheiden, ob ein Produkt legal oder illegal ist. Sammlern soll damit nur das Geld aus der Tasche gezogen werden, was sp\u00e4ter bei legalen Marken zum Kauf nicht mehr zur Verf\u00fcgung steht.<\/p>\n<p>Bitte bedenken Sie auch, da\u00df eine Sammlung mit illegalen St\u00fccken einer sehr strengen Qualit\u00e4tsabwertung unterliegt &#8211; bei Ausstellungen und auch bei Gesamt-Verk\u00e4ufen oder Teilen davon. Wer diesen Schrott in seiner Sammlung hat, wird schnell als leichtgl\u00e4ubig und unprofessionell angesehen. Es ist also auf jeden Fall sinnvoll, die illegalen Objekte konsequent aus der Sammlung herauszuhalten.<\/p>\n<p>Mit Hilfe der hier ver\u00f6ffentlichten Listen werden Sie in die Lage versetzt zu \u00fcberpr\u00fcfen, ob sie illegale Marken in Ihrer Sammlung haben. Genauso k\u00f6nnen Sie, wenn Ihnen bislang unbekannte Marken angeboten werden, in diesen Listen einen schnellen Check auf Legalit\u00e4t vornehmen.<\/p>\n<p>Liegt bei diesen Listen der Fokus ganz klar auf Illegalit\u00e4t, so ist das Thema Agenten\/Agents einer weiteren Abart unseres Hobbies gewidmet: Hier geht es um semi-legale Schach-Briefmarken, die massenhaft au\u00dferhalb der angegebenen L\u00e4nder hergestellt und vertrieben werden. Sie sehen nie die Postschalter ihres Heimatlandes, werden aber in aller Welt an Sammler verkauft, ohne einen postalischen Nutzen zu besitzen. Informieren Sie sich!<\/p>\n<p><span style=\"color: #ff0000;\"><strong>Insgesamt umfassen die sechs Listen inzwischen 1.017 Positionen!!<br \/><\/strong><\/span><\/p>\n<p>Einer besseren \u00dcbersichtlichkeit wegen sind die Listen nach L\u00e4ndern alphabetisch sortiert. Klicken Sie die Zahlen an und es \u00f6ffnet sich dazu eine pdf-Datei.<\/p>\n<table style=\"border-collapse: collapse; width: 100%; height: 145px;\">\n<tbody>\n<tr style=\"height: 24px;\">\n<td style=\"width: 162.5px; height: 24px;\">\u00a0<\/td>\n<td style=\"width: 162.5px; height: 24px; text-align: center;\"><strong>bis 2017<\/strong><\/td>\n<td style=\"width: 162.5px; height: 24px; text-align: center;\"><strong>ab 2018<\/strong><\/td>\n<td style=\"width: 162.5px; height: 24px; text-align: center;\"><strong>Gesamt<\/strong><\/td>\n<\/tr>\n<tr style=\"height: 24px;\">\n<td style=\"width: 162.5px; height: 24px;\"><strong>L\u00e4nder von A bis G<\/strong><\/td>\n<td style=\"width: 162.5px; height: 24px; text-align: center;\"><a href=\"http:\/\/chessstamps.com\/wp-content\/uploads\/2024\/01\/rpt_Illegals_DE_AG_2017.pdf\"><span style=\"color: #000080;\"><strong><span style=\"background-color: #ccffcc;\">305<\/span><\/strong><\/span><\/a><\/td>\n<td style=\"width: 162.5px; height: 24px; text-align: center;\"><a href=\"http:\/\/chessstamps.com\/wp-content\/uploads\/2024\/01\/rpt_Illegals_DE_AG_2018.pdf\"><span style=\"color: #000080;\"><strong><span style=\"background-color: #ccffcc;\">99<\/span><\/strong><\/span><\/a><\/td>\n<td style=\"width: 162.5px; height: 24px; text-align: center;\">404<\/td>\n<\/tr>\n<tr style=\"height: 24px;\">\n<td style=\"width: 162.5px; height: 24px;\"><strong>L\u00e4nder von H bis M<\/strong><\/td>\n<td style=\"width: 162.5px; height: 24px; text-align: center;\"><a href=\"http:\/\/chessstamps.com\/wp-content\/uploads\/2024\/01\/rpt_Illegals_DE_HM_2017.pdf\"><span style=\"color: #000080;\"><strong><span style=\"background-color: #ccffcc;\">256<\/span><\/strong><\/span><\/a><\/td>\n<td style=\"width: 162.5px; height: 24px; text-align: center;\"><a href=\"http:\/\/chessstamps.com\/wp-content\/uploads\/2024\/01\/rpt_Illegals_DE_HM_2018.pdf\"><span style=\"color: #000080;\"><strong><span style=\"background-color: #ccffcc;\">100<\/span><\/strong><\/span><\/a><\/td>\n<td style=\"width: 162.5px; height: 24px; text-align: center;\">356<\/td>\n<\/tr>\n<tr style=\"height: 24px;\">\n<td style=\"width: 162.5px; height: 24px;\"><strong>L\u00e4nder von N bis Z<\/strong><\/td>\n<td style=\"width: 162.5px; height: 24px; text-align: center;\"><a href=\"http:\/\/chessstamps.com\/wp-content\/uploads\/2024\/01\/rpt_Illegals_DE_NZ_2017.pdf\"><span style=\"color: #000080;\"><strong><span style=\"background-color: #ccffcc;\">205<\/span><\/strong><\/span><\/a><\/td>\n<td style=\"width: 162.5px; height: 24px; text-align: center;\"><a href=\"http:\/\/chessstamps.com\/wp-content\/uploads\/2024\/01\/rpt_Illegals_DE_NZ_2018.pdf\"><span style=\"color: #000080;\"><strong><span style=\"background-color: #ccffcc;\">52<\/span><\/strong><\/span><\/a><\/td>\n<td style=\"width: 162.5px; height: 24px; text-align: center;\">257<\/td>\n<\/tr>\n<tr style=\"height: 49px;\">\n<td style=\"width: 162.5px; height: 49px;\">Summen<\/td>\n<td style=\"width: 162.5px; height: 49px; text-align: center;\">\n<p>768<\/p>\n<\/td>\n<td style=\"width: 162.5px; height: 49px; text-align: center;\">251<\/td>\n<td style=\"width: 162.5px; height: 49px; text-align: center;\"><strong><span style=\"color: #ff0000;\">1.017<\/span><\/strong><\/td>\n<\/tr>\n<\/tbody>\n<\/table>\n\n\n<p>Besonders informativ zu diesem Thema sind die folgenden Links:<\/p>\n<p><a href=\"http:\/\/golowesstamps.com\/reference\/Illegal%20Stamps\/illegal_stamps.htm\">http:\/\/golowesstamps.com<\/a><\/p>\n<p><a href=\"http:\/\/www.pwmo.org\/abusives\/abusives-2013-en.htm\">http:\/\/www.pwmo.org\/abusives\/abusives-2013-en.htm<\/a><\/p>\n\n\n","protected":false},"excerpt":{"rendered":"<p>Letzte Aktualisierung am 14.01.2024 Sie finden hier momentan sechs PDF-Listen, die Ihnen illegale Schach-&#8222;Brief&#8220;marken zeigen. Da diese wertlosen Produkte st\u00e4ndig auf Auktionsplattformen im Internet angeboten werden, war es nicht schwierig diese Listen zusammenzustellen. Aber zeitaufw\u00e4ndig, weil es so viele illegale Marken gibt. Weil st\u00e4ndig viele neue illegale Marken auf den Markt geworfen werden, k\u00f6nnen diese [&hellip;]<\/p>\n","protected":false},"author":1,"featured_media":0,"parent":1736,"menu_order":0,"comment_status":"closed","ping_status":"closed","template":"","meta":{"footnotes":""},"class_list":["post-1038","page","type-page","status-publish","hentry"],"_links":{"self":[{"href":"http:\/\/chessstamps.com\/index.php?rest_route=\/wp\/v2\/pages\/1038","targetHints":{"allow":["GET"]}}],"collection":[{"href":"http:\/\/chessstamps.com\/index.php?rest_route=\/wp\/v2\/pages"}],"about":[{"href":"http:\/\/chessstamps.com\/index.php?rest_route=\/wp\/v2\/types\/page"}],"author":[{"embeddable":true,"href":"http:\/\/chessstamps.com\/index.php?rest_route=\/wp\/v2\/users\/1"}],"replies":[{"embeddable":true,"href":"http:\/\/chessstamps.com\/index.php?rest_route=%2Fwp%2Fv2%2Fcomments&post=1038"}],"version-history":[{"count":129,"href":"http:\/\/chessstamps.com\/index.php?rest_route=\/wp\/v2\/pages\/1038\/revisions"}],"predecessor-version":[{"id":4035,"href":"http:\/\/chessstamps.com\/index.php?rest_route=\/wp\/v2\/pages\/1038\/revisions\/4035"}],"up":[{"embeddable":true,"href":"http:\/\/chessstamps.com\/index.php?rest_route=\/wp\/v2\/pages\/1736"}],"wp:attachment":[{"href":"http:\/\/chessstamps.com\/index.php?rest_route=%2Fwp%2Fv2%2Fmedia&parent=1038"}],"curies":[{"name":"wp","href":"https:\/\/api.w.org\/{rel}","templated":true}]}}