{"id":102,"date":"2014-10-06T21:29:57","date_gmt":"2014-10-06T19:29:57","guid":{"rendered":"http:\/\/chessstamps.com\/wordpress\/?page_id=102"},"modified":"2021-01-12T10:10:17","modified_gmt":"2021-01-12T09:10:17","slug":"preise-versand-agb","status":"publish","type":"page","link":"http:\/\/chessstamps.com\/?page_id=102","title":{"rendered":"A122 AGB und Lieferung (BM)"},"content":{"rendered":"<p>Zuletzt aktualisiert: 18.12.2019<\/p>\n\n\n<p>Ein Besteller des Katalogs erkennt die folgenden <strong>Allgemeinen Gesch\u00e4ftsbedingungen<\/strong> (AGB) mit seiner Bestellung an.<\/p>\n\n\n\n<p>Jeder K\u00e4ufer erh\u00e4lt Bestellbest\u00e4tigung und Rechnung.<\/p>\n\n\n\n<ol class=\"wp-block-list\"><li>Die Produkte werden nur an Privatpersonen verkauft.<\/li><li>Die Auslieferung erfolgt in Form von PDF-Dateien mittels eines Download-Link (DLL).<\/li><li>Die Bereitstellung des DLL erfolgt nur nach Vorauszahlung (Vorkasse) des Rechnungsbetrages.<\/li><li>Bei der Verwendung von PayPal fallen zus\u00e4tzliche Geb\u00fchren an.<\/li><li>Eine Bestellung f\u00fcr Dritte kann vorgenommen werden; allerdings mu\u00df f\u00fcr jeden Nutzer = Lizenznehmer eine eigene Bestellung via Bestellformular aufgegeben werden.<\/li><li>Kommunikation nur in deutscher oder englischer Sprache.<\/li><li>Alle angebenen Preise sind Endpreise zzgl. etwaiger PayPal-Geb\u00fchren. Aufgrund des Kleinunternehmerstatus gem. \u00a7 19 UStG. erheben wir keine Umsatzsteuer und weisen diese daher auch nicht aus.<\/li><\/ol>\n\n\n<p><strong>Lizenz<\/strong><\/p>\n<p>Es handelt sich bei dem Briefmarken-Katalog um ein elektronisches Produkt. Der K\u00e4ufer erwirbt durch seine pers\u00f6nliche Lizenz das Recht zur privaten Nutzung. Die Herstellung von Kopien f\u00fcr Dritte ist nicht erlaubt. Die Lizenzidentifikation wird im Katalog&nbsp; vermerkt. Ein K\u00e4ufer muss bedenken, da\u00df er bei unerlaubter Weitergabe seines lizenzierten Kataloges im Falle eines Urheberrechtsstreites aufgrund der Lizenzangaben identifiziert werden kann.<\/p>","protected":false},"excerpt":{"rendered":"<p>Zuletzt aktualisiert: 18.12.2019 Ein Besteller des Katalogs erkennt die folgenden Allgemeinen Gesch\u00e4ftsbedingungen (AGB) mit seiner Bestellung an. Jeder K\u00e4ufer erh\u00e4lt Bestellbest\u00e4tigung und Rechnung. Die Produkte werden nur an Privatpersonen verkauft. Die Auslieferung erfolgt in Form von PDF-Dateien mittels eines Download-Link (DLL). Die Bereitstellung des DLL erfolgt nur nach Vorauszahlung (Vorkasse) des Rechnungsbetrages. Bei der Verwendung [&hellip;]<\/p>\n","protected":false},"author":1,"featured_media":0,"parent":94,"menu_order":0,"comment_status":"closed","ping_status":"open","template":"","meta":{"footnotes":""},"class_list":["post-102","page","type-page","status-publish","hentry"],"_links":{"self":[{"href":"http:\/\/chessstamps.com\/index.php?rest_route=\/wp\/v2\/pages\/102","targetHints":{"allow":["GET"]}}],"collection":[{"href":"http:\/\/chessstamps.com\/index.php?rest_route=\/wp\/v2\/pages"}],"about":[{"href":"http:\/\/chessstamps.com\/index.php?rest_route=\/wp\/v2\/types\/page"}],"author":[{"embeddable":true,"href":"http:\/\/chessstamps.com\/index.php?rest_route=\/wp\/v2\/users\/1"}],"replies":[{"embeddable":true,"href":"http:\/\/chessstamps.com\/index.php?rest_route=%2Fwp%2Fv2%2Fcomments&post=102"}],"version-history":[{"count":37,"href":"http:\/\/chessstamps.com\/index.php?rest_route=\/wp\/v2\/pages\/102\/revisions"}],"predecessor-version":[{"id":2785,"href":"http:\/\/chessstamps.com\/index.php?rest_route=\/wp\/v2\/pages\/102\/revisions\/2785"}],"up":[{"embeddable":true,"href":"http:\/\/chessstamps.com\/index.php?rest_route=\/wp\/v2\/pages\/94"}],"wp:attachment":[{"href":"http:\/\/chessstamps.com\/index.php?rest_route=%2Fwp%2Fv2%2Fmedia&parent=102"}],"curies":[{"name":"wp","href":"https:\/\/api.w.org\/{rel}","templated":true}]}}